{"id":1421,"date":"2024-09-18T12:25:39","date_gmt":"2024-09-18T10:25:39","guid":{"rendered":"https:\/\/acega.es\/aviso-legal-2\/"},"modified":"2024-09-18T15:45:20","modified_gmt":"2024-09-18T13:45:20","slug":"aviso-lega","status":"publish","type":"page","link":"https:\/\/acega.es\/gl\/aviso-lega\/","title":{"rendered":"Aviso Legal"},"content":{"rendered":"\t\t<div data-elementor-type=\"wp-page\" data-elementor-id=\"1421\" class=\"elementor elementor-1421 elementor-1408\" data-elementor-post-type=\"page\">\n\t\t\t\t<div class=\"elementor-element elementor-element-0fe6507 e-flex e-con-boxed e-con e-parent\" data-id=\"0fe6507\" data-element_type=\"container\" data-settings=\"{&quot;background_background&quot;:&quot;classic&quot;}\">\n\t\t\t\t\t<div class=\"e-con-inner\">\n\t\t\t\t<div class=\"elementor-element elementor-element-3e7a691 elementor-widget elementor-widget-heading\" data-id=\"3e7a691\" data-element_type=\"widget\" data-widget_type=\"heading.default\">\n\t\t\t\t<div class=\"elementor-widget-container\">\n\t\t\t\t\t<h2 class=\"elementor-heading-title elementor-size-default\">Aviso Legal<\/h2>\t\t\t\t<\/div>\n\t\t\t\t<\/div>\n\t\t\t\t<div class=\"elementor-element elementor-element-a577cb2 acega-breadcums elementor-widget elementor-widget-shortcode\" data-id=\"a577cb2\" data-element_type=\"widget\" data-widget_type=\"shortcode.default\">\n\t\t\t\t<div class=\"elementor-widget-container\">\n\t\t\t\t\t\t\t<div class=\"elementor-shortcode\"><nav aria-label=\"breadcrumbs\" class=\"rank-math-breadcrumb\"><p><span class=\"last\">Inicio<\/span><\/p><\/nav><\/div>\n\t\t\t\t\t\t<\/div>\n\t\t\t\t<\/div>\n\t\t\t\t\t<\/div>\n\t\t\t\t<\/div>\n\t\t<div class=\"elementor-element elementor-element-439671c e-flex e-con-boxed e-con e-parent\" data-id=\"439671c\" data-element_type=\"container\">\n\t\t\t\t\t<div class=\"e-con-inner\">\n\t\t\t\t<div class=\"elementor-element elementor-element-50b0ca4 elementor-widget elementor-widget-image\" data-id=\"50b0ca4\" data-element_type=\"widget\" data-widget_type=\"image.default\">\n\t\t\t\t<div class=\"elementor-widget-container\">\n\t\t\t\t\t\t\t\t\t\t\t\t\t\t\t<img fetchpriority=\"high\" decoding=\"async\" width=\"902\" height=\"354\" src=\"https:\/\/acega.es\/wp-content\/uploads\/2024\/01\/acega-v-principal-endoso-TRANS-e1625813226879.png\" class=\"attachment-large size-large wp-image-824\" alt=\"\" srcset=\"https:\/\/acega.es\/wp-content\/uploads\/2024\/01\/acega-v-principal-endoso-TRANS-e1625813226879.png 902w, https:\/\/acega.es\/wp-content\/uploads\/2024\/01\/acega-v-principal-endoso-TRANS-e1625813226879-300x118.png 300w, https:\/\/acega.es\/wp-content\/uploads\/2024\/01\/acega-v-principal-endoso-TRANS-e1625813226879-768x301.png 768w\" sizes=\"(max-width: 902px) 100vw, 902px\" \/>\t\t\t\t\t\t\t\t\t\t\t\t\t\t\t<\/div>\n\t\t\t\t<\/div>\n\t\t\t\t\t<\/div>\n\t\t\t\t<\/div>\n\t\t<div class=\"elementor-element elementor-element-faee233 e-flex e-con-boxed e-con e-parent\" data-id=\"faee233\" data-element_type=\"container\">\n\t\t\t\t\t<div class=\"e-con-inner\">\n\t\t\t\t<div class=\"elementor-element elementor-element-d7083ab elementor-invisible elementor-widget elementor-widget-text-editor\" data-id=\"d7083ab\" data-element_type=\"widget\" data-settings=\"{&quot;_animation&quot;:&quot;fadeInUp&quot;,&quot;_animation_delay&quot;:100}\" data-widget_type=\"text-editor.default\">\n\t\t\t\t<div class=\"elementor-widget-container\">\n\t\t\t\t\t\t\t\t\t<h4><strong><span style=\"color: #94e8bf;\">1.- Sobre o sitio web, os seus servizos e condici\u00f3ns<\/span><\/strong><\/h4>\n<p>As presentes condici\u00f3ns xerais (en diante, as \u201cCondici\u00f3ns Xerais\u201d) regulan o uso do servizo das p\u00e1xinas web www.acega.es, (en diante, os \u201cnomes de dominio\u201d, a \u201cp\u00e1xina web\u201d, o \u201csitio web\u201d) ou o \u201cweb\u201d) que ACEGA CESA (inscrita no Rexistro Mercantil de Santiago no Tomo 16 Xeral de Sociedades, Folla SC-23.590), con CIF A15718695 e domicilio social en Feal-San Mamede de Ribadulla, Vedra (CP 15885) , A Coru\u00f1a e correo electr\u00f3nico de contacto <a href=\"mailto:administracion@acega.es\">administracion@acega.es<\/a> , pona a disposici\u00f3n dos internautas.<\/p>\n<p>Os nomes de dominios a trav\u00e9s dos cales Vde. accedeu \u00e1 p\u00e1xina web son titularidade de ACEGA C.E.S.A. A informaci\u00f3n contida na p\u00e1xina web \u00e9 a vixente \u00e1 data da s\u00faa \u00faltima actualizaci\u00f3n e debe ser considerada como informaci\u00f3n de car\u00e1cter xeral e orientadora.<\/p>\n<p>A utilizaci\u00f3n do sitio web atrib\u00fae a condici\u00f3n de usuario do sitio web (en diante, o &#8220;Usuario&#8221;) e implica a aceptaci\u00f3n plena e sen reservas de todas e cada unha das disposici\u00f3ns recollidas nestas Condici\u00f3ns Xerais na versi\u00f3n publicada por ACEGA CESA no momento. o Usuario accede ao sitio web. En consecuencia, o Usuario deber\u00e1 ler atentamente as presentes Condici\u00f3ns Xerais cada vez que pretenda utilizar o sitio web, xa que pode sufrir modificaci\u00f3ns. <\/p>\n<h4><strong><span style=\"color: #94e8bf;\">2.- Obxecto<\/span><\/strong><\/h4>\n<p>A trav\u00e9s da p\u00e1xina web, ACEGA CESA facilita aos Usuarios o acceso e uso de diversa informaci\u00f3n (en diante, os &#8220;Contidos&#8221;) posta \u00e1 s\u00faa disposici\u00f3n por ACEGA CESA.<\/p>\n<h4><strong><span style=\"color: #94e8bf;\">3.- Condici\u00f3ns de acceso e utilizaci\u00f3n da p\u00e1xina web<\/span><\/strong><\/h4>\n<p>3.1.- Car\u00e1cter gratu\u00edto de acceso e uso do sitio web. \u2013 O sitio web \u00e9 gratu\u00edto para os usuarios. <\/p>\n<p>3.2.- Rexistro de Usuarios. \u2013 Con car\u00e1cter xeral, para a prestaci\u00f3n de servizos e o acceso \u00e1 informaci\u00f3n da p\u00e1xina web non \u00e9 necesaria a previa subscrici\u00f3n ou rexistro de Usuarios. Non obstante, ACEGA CESA condiciona a utilizaci\u00f3n dalg\u00fans dos Servizos \u00e1 previa cumprimentaci\u00f3n do correspondente rexistro ou formulario de recollida de datos do Usuario. A citada inscrici\u00f3n realizarase na forma expresamente indicada no propio servizo ou nas Condici\u00f3ns Particulares que, se \u00e9 o caso, o regulen.   <\/p>\n<p>3.3.- Obriga de facer un uso correcto do sitio web. \u2013 O Usuario comprom\u00e9tese, baixo a s\u00faa responsabilidade, a utilizar o sitio web e os seus Contidos conforme \u00e1s presentes Condici\u00f3ns Xerais, \u00e1 boa fe, ao uso e \u00e1 Lei, en particular, comprom\u00e9tese a absterse de: (a) realizar actos lesivos aos dereitos e intereses de terceiros, ou que de calquera xeito poidan danar, inutilizar, sobrecargar ou deteriorar o sitio web ou impedir o normal uso ou desfrute dela por parte doutros Usuarios; (b) reproducir ou copiar calquera contido do sitio web, salvo que te\u00f1a a autorizaci\u00f3n do titular dos correspondentes dereitos; (c) suprimir, eludir ou manipular o \u201ccopyright\u201d e demais datos identificativos dos dereitos de ACEGA CESA ou dos seus titulares incorporados aos contidos do sitio web, as\u00ed como os dispositivos t\u00e9cnicos de protecci\u00f3n ou calquera mecanismo de informaci\u00f3n que poidan conter os Contidos do sitio web. Salvo que obtivese a autorizaci\u00f3n previa e expresa expresamente outorgada para tal fin por ACEGA CESA, o Usuario absterase de obter ou tentar obter calquera tipo de contido, xa sexan textos, gr\u00e1ficos, debuxos, arquivos de son, imaxes ou fotograf\u00edas, v\u00eddeos, software. e, en xeral, calquera tipo de material accesible a trav\u00e9s do sitio web ou dos servizos, utilizando medios distintos dos que se puxeron a disposici\u00f3n para tal fin, ou que sexan de uso habitual e l\u00edcito polos Usuarios de Internet.      <\/p>\n<h4><strong><span style=\"color: #94e8bf;\">4.- Natureza da informaci\u00f3n contida na p\u00e1xina web<\/span><\/strong><\/h4>\n<p>A informaci\u00f3n contida na p\u00e1xina web ten car\u00e1cter xeral, orientador e non vinculante, estando suxeita a posibles cambios. ACEGA C.E.S.A. res\u00e9rvase o dereito para modificar unilateralmente, en calquera momento e sen aviso previo, a presentaci\u00f3n e configuraci\u00f3n da p\u00e1xina web, as\u00ed como as condici\u00f3ns requiridas para a utilizaci\u00f3n da mesma. <\/p>\n<p>ACEGA C.E.S.A., non garante a totalidade e exactitude da informaci\u00f3n contida na p\u00e1xina web. Por tanto, ACEGA C.E.S.A. non asume ningunha responsabilidade derivada da falta de veracidade e precisi\u00f3n dos datos que cont\u00e9n a p\u00e1xina web, dentro dos l\u00edmites establecidos na Lei. Para calquera consulta que os Usuarios desexen realizar en relaci\u00f3n cos Contidos, ACEGA C.E.S.A. pon ao seu dispor a seguinte direcci\u00f3n de correo electr\u00f3nico: <a href=\"mailto:administracion@acega.es\">administracion@acega.es<\/a> .  <\/p>\n<p>4.1- Pol\u00edtica de ligaz\u00f3ns cara a outras p\u00e1xinas web<\/p>\n<p>ACEGA C.E.S.A. pode ofrecer, directa ou indirectamente, ligaz\u00f3ns a recursos de p\u00e1xinas externas \u00e1 p\u00e1xina web. A presenza destas ligaz\u00f3ns na p\u00e1xina web ten unha finalidade puramente informativa e non constit\u00fae en ning\u00fan caso unha invitaci\u00f3n \u00e1 contrataci\u00f3n de produtos e\/o servizos que se ofrezan ou poidan ofrecer nas p\u00e1xinas web de destino, nin implica a existencia de v\u00ednculo ou relaci\u00f3n mercantil ou de dependencia de ACEGA C.E.S.A. co titular da p\u00e1xina web enlazada. <\/p>\n<p>As\u00ed mesmo, ACEGA C.E.S.A. carece de calquera responsabilidade en relaci\u00f3n coas caracter\u00edsticas ou coas condici\u00f3ns de utilizaci\u00f3n ou contrataci\u00f3n dos produtos e\/o servizos a cuxas p\u00e1xinas remiten as ligaz\u00f3ns indicadas e, en xeral, con relaci\u00f3n a calquera aspecto relativo \u00e1s p\u00e1xinas enlazadas.<\/p>\n<p>Non obstante o anterior, ACEGA C.E.S.A. proceder\u00e1 coa maior prontitude \u00e1 supresi\u00f3n ou inutilizaci\u00f3n das ligaz\u00f3ns correspondentes no caso de que te\u00f1a co\u00f1ecemento de que a informaci\u00f3n ou actividade \u00e1s estas ligaz\u00f3ns remiten \u00e9 ou pode ser il\u00edcita ou lesiona ou pode lesionar bens ou dereitos dun terceiro.<\/p>\n<p>Todo Usuario que te\u00f1a co\u00f1ecemento da ilicitude de actividades desenvoltas a trav\u00e9s de p\u00e1xinas web obxecto de ligaz\u00f3n desde a p\u00e1xina web de ACEGA C.E.S.A. deber\u00e1 comunicalo de contado a ACEGA C.E.S.A. para os efectos de que se proceda \u00e1 supresi\u00f3n ou inutilizaci\u00f3n da ligaz\u00f3n correspondente.<\/p>\n<p>4.2.- Ligaz\u00f3ns desde outras p\u00e1xinas web.<\/p>\n<p>Se calquera Usuario, entidade ou titular de p\u00e1xina web desexase establecer alg\u00fan tipo de ligaz\u00f3n con destino \u00e1 p\u00e1xina web de ACEGA C.E.S.A., deber\u00e1 cumprir as seguintes estipulaci\u00f3ns:<\/p>\n<p>Deber\u00e1 solicitar a autorizaci\u00f3n previa, expresa e por escrito de ACEGA C.E.S.A.<br \/>(ii) A ligaz\u00f3n soamente poderase dirixir \u00e1 p\u00e1xina principal da p\u00e1xina web, ag\u00e1s que expresamente se autorice cousa distinta.<br \/>(iii) A ligaz\u00f3n debe ser absoluto e completo; \u00e9 dicir, debe levar ao Usuario, mediante un clic, \u00e1 p\u00e1xina principal e debe abarcar completamente toda a extensi\u00f3n da pantalla da p\u00e1xina principal da p\u00e1xina web. En ning\u00fan caso, ag\u00e1s que ACEGA C.E.S.A. autorice cousa distinta, a p\u00e1xina web desde a que se realice a ligaz\u00f3n poder\u00e1 reproducir de ning\u00fan xeito a p\u00e1xina web de ACEGA C.E.S.A. ou inclu\u00edla como parte do seu contido. <br \/>(iv) Na p\u00e1xina web desde a que se establece a ligaz\u00f3n non se poder\u00e1 declarar de ningunha maneira que ACEGA C.E.S.A. autorizou tal ligaz\u00f3n, sen que as\u00ed fose. Se a entidade que realiza a ligaz\u00f3n desde a s\u00faa p\u00e1xina \u00e1 p\u00e1xina web correctamente, desexase inclu\u00edr na s\u00faa p\u00e1xina a marca, denominaci\u00f3n, nome comercial, r\u00f3tulo, logotipo, ou calquera outro signo identificativo de ACEGA C.E.S.A. e\/o a p\u00e1xina web, deber\u00e1 contar previamente coa autorizaci\u00f3n previa, expresa e por escrito de ACEGA C.E.S.A. <br \/>(v) En todo caso, ACEGA C.E.S.A. prohibe o establecemento dunha ligaz\u00f3n \u00e1 s\u00faa p\u00e1xina web desde aquelas p\u00e1xinas web que conte\u00f1an materiais, informaci\u00f3n ou contidos il\u00edcitos, ilegais, degradantes, obscenos, e en xeral, que contrave\u00f1an a moral, a orde p\u00fablica, a lexislaci\u00f3n vixente ou as normas sociais xeralmente aceptadas ou que sexan lesivos de lex\u00edtimos dereitos de terceiros.<\/p>\n<h4><strong><span style=\"color: #94e8bf;\">5.- Dereitos de Propiedade Intelectual e Industrial<\/span><\/strong><\/h4>\n<p>ACEGA C.E.S.A. \u00e9 titular dos dereitos de propiedade industrial e intelectual referidos aos seus produtos e servizos e, especificamente, dos relativos \u00e1 marca rexistrada ACEGA C.E.S.A. #Respecto a as citas de produtos e servizos de terceiros, ACEGA C.E.S.A. reco\u00f1ece a favor dos seus titulares os correspondentes dereitos de propiedade industrial e intelectual, non implicando a s\u00faa soa menci\u00f3n ou aparici\u00f3n na web a existencia de dereitos ou responsabilidade algunha de ACEGA C.E.S.A. sobre os mesmos, como tampouco respaldo, patrocinio, recomendaci\u00f3n por parte de ACEGA C.E.S.A.<\/p>\n<p>O c\u00f3digo fonte, os dese\u00f1os gr\u00e1ficos, as imaxes, as fotograf\u00edas, os sons, as animaci\u00f3ns, o software, os textos, as\u00ed como a informaci\u00f3n e os contidos que se recollen no presente sitio web est\u00e1n protexidos pola lexislaci\u00f3n espa\u00f1ola sobre os dereitos de propiedade intelectual e industrial a favor de ACEGA C.E.S.A. Non se permite a reproduci\u00f3n e\/o publicaci\u00f3n, total ou parcial, do sitio web, nin o seu tratamento inform\u00e1tico, a s\u00faa distribuci\u00f3n, a s\u00faa difusi\u00f3n, nin a s\u00faa modificaci\u00f3n, transformaci\u00f3n ou descompilaci\u00f3n, nin calquera outra acci\u00f3n reservada ao seu titular, sen o permiso previo e por escrito do mesmo, ACEGA C.E.S.A.<\/p>\n<p>Autor\u00edzase ao Usuario, excepcionalmente, a reproduci\u00f3n parcial do contido da p\u00e1xina web, s\u00f3 e exclusivamente, se concorren todas as seguintes condici\u00f3ns: Que sexa compatible cos remates da p\u00e1xina web.<br \/>Que se realice co s\u00f3 obxectivo e \u00e1nimo de obter a informaci\u00f3n contida para uso persoal e privado, quedando absolutamente exclu\u00eddo calquera prop\u00f3sito ou uso comercial ou para a s\u00faa distribuci\u00f3n, comunicaci\u00f3n p\u00fablica, transformaci\u00f3n ou descompilaci\u00f3n.<br \/>Que ning\u00fan dos contidos, documentos ou gr\u00e1ficos relacionados na p\u00e1xina web sexan modificados de ningunha maneira.<br \/>Que ning\u00fan gr\u00e1fico, icona ou imaxe dispo\u00f1ible na p\u00e1xina web sexa utilizado, copiado ou distribu\u00eddo, separadamente, do texto ou resto de imaxes que o acompa\u00f1an.<br \/>Calquera outro uso haber\u00e1 de ser comunicado e autorizado, previa e expresamente.<\/p>\n<p>Todos os dereitos derivados da propiedade intelectual est\u00e1n expresamente reservados por ACEGA C.E.S.A.<\/p>\n<p>A utilizaci\u00f3n non autorizada da informaci\u00f3n contida nesta web, a s\u00faa revenda, as\u00ed como a lesi\u00f3n dos dereitos de propiedade intelectual ou industrial de ACEGA C.E.S.A. dar\u00e1 lugar \u00e1s responsabilidades legalmente establecidas.<\/p>\n<h4><strong><span style=\"color: #94e8bf;\">6.- Exclusi\u00f3n de Garant\u00edas e de Responsabilidade<\/span><\/strong><\/h4>\n<p>ACEGA C.E.S.A. excl\u00fae calquera responsabilidade polos danos e perdas de toda natureza que poidan deberse \u00e1 transmisi\u00f3n, difusi\u00f3n, almacenamento, posta ao dispor, recepci\u00f3n, obtenci\u00f3n ou acceso aos Contidos.<\/p>\n<p>Nalgunhas ocasi\u00f3ns, esta p\u00e1xina web utiliza cookies, pequenos ficheiros de datos que se xeran no computador do usuario e que permiten obter a seguinte informaci\u00f3n:<\/p>\n<p>Data e hora da \u00faltima vez que o usuario visitou a Web.<\/p>\n<p>Dese\u00f1o de contidos que o usuario escolleu na s\u00faa primeira visita \u00e1 web.<br \/>Elementos de seguridade que interve\u00f1en no control de acceso \u00e1s \u00e1reas restrinxidas.<\/p>\n<p>O Usuario ten a opci\u00f3n de impedir a xeraci\u00f3n de Cookies, mediante a selecci\u00f3n da correspondente opci\u00f3n no seu navegador, a\u00ednda que, a desactivaci\u00f3n das mesmas pode impedir o bo funcionamento da p\u00e1xina web.<\/p>\n<h4><strong><span style=\"color: #94e8bf;\">7.- Lei aplicable e foro<\/span><\/strong><\/h4>\n<p>A utilizaci\u00f3n da p\u00e1xina web r\u00e9xese pola lexislaci\u00f3n espa\u00f1ola de Dereito com\u00fan. Calquera controversia relacionada co uso da p\u00e1xina web queda sometida aos xulgados e tribunais da cidade de Santiago de Compostela (A Coru\u00f1a), con renuncia expresa e terminante por parte de ACEGA C.E.S.A. e do Usuario a calquera outro foro que puider corresponder. <\/p>\n<h4><strong><span style=\"color: #94e8bf;\">8.- Duraci\u00f3n, remate e suspensi\u00f3n<\/span><\/strong><\/h4>\n<p>A p\u00e1xina web ten, en principio, unha duraci\u00f3n indefinida. ACEGA C.E.S.A. non obstante, poder\u00e1 dar por rematado ou suspender a p\u00e1xina web en calquera momento. <\/p>\n\t\t\t\t\t\t\t\t<\/div>\n\t\t\t\t<\/div>\n\t\t\t\t\t<\/div>\n\t\t\t\t<\/div>\n\t\t\t\t<\/div>\n\t\t","protected":false},"excerpt":{"rendered":"<p>1.- Sobre o sitio web, os seus servizos e condici\u00f3ns As presentes condici\u00f3ns xerais (en diante, as \u201cCondici\u00f3ns Xerais\u201d) regulan o uso do servizo das p\u00e1xinas web www.acega.es, (en diante, os \u201cnomes de dominio\u201d, a \u201cp\u00e1xina web\u201d, o \u201csitio web\u201d) ou o \u201cweb\u201d) que ACEGA CESA (inscrita no Rexistro Mercantil de Santiago no Tomo 16 &#8230; <a title=\"Aviso Legal\" class=\"read-more\" href=\"https:\/\/acega.es\/gl\/aviso-lega\/\" aria-label=\"Le m\u00e1is sobre Aviso Legal\">Ler m\u00e1is<\/a><\/p>\n","protected":false},"author":2,"featured_media":0,"parent":0,"menu_order":0,"comment_status":"closed","ping_status":"closed","template":"elementor_header_footer","meta":{"_acf_changed":false,"footnotes":""},"class_list":["post-1421","page","type-page","status-publish"],"acf":[],"_links":{"self":[{"href":"https:\/\/acega.es\/gl\/wp-json\/wp\/v2\/pages\/1421","targetHints":{"allow":["GET"]}}],"collection":[{"href":"https:\/\/acega.es\/gl\/wp-json\/wp\/v2\/pages"}],"about":[{"href":"https:\/\/acega.es\/gl\/wp-json\/wp\/v2\/types\/page"}],"author":[{"embeddable":true,"href":"https:\/\/acega.es\/gl\/wp-json\/wp\/v2\/users\/2"}],"replies":[{"embeddable":true,"href":"https:\/\/acega.es\/gl\/wp-json\/wp\/v2\/comments?post=1421"}],"version-history":[{"count":1,"href":"https:\/\/acega.es\/gl\/wp-json\/wp\/v2\/pages\/1421\/revisions"}],"predecessor-version":[{"id":1422,"href":"https:\/\/acega.es\/gl\/wp-json\/wp\/v2\/pages\/1421\/revisions\/1422"}],"wp:attachment":[{"href":"https:\/\/acega.es\/gl\/wp-json\/wp\/v2\/media?parent=1421"}],"curies":[{"name":"wp","href":"https:\/\/api.w.org\/{rel}","templated":true}]}}