{"id":1187,"date":"2024-01-16T10:00:47","date_gmt":"2024-01-16T09:00:47","guid":{"rendered":"https:\/\/acega.webenconstruccion.com\/quen-somos\/"},"modified":"2026-03-16T10:41:51","modified_gmt":"2026-03-16T09:41:51","slug":"quen-somos","status":"publish","type":"page","link":"https:\/\/acega.es\/gl\/quen-somos\/","title":{"rendered":"Quen somos"},"content":{"rendered":"\t\t<div data-elementor-type=\"wp-page\" data-elementor-id=\"1187\" class=\"elementor elementor-1187 elementor-16\" data-elementor-post-type=\"page\">\n\t\t\t\t<div class=\"elementor-element elementor-element-504580d e-flex e-con-boxed e-con e-parent\" data-id=\"504580d\" data-element_type=\"container\" data-settings=\"{&quot;background_background&quot;:&quot;classic&quot;}\">\n\t\t\t\t\t<div class=\"e-con-inner\">\n\t\t\t\t<div class=\"elementor-element elementor-element-f238eef elementor-widget elementor-widget-heading\" data-id=\"f238eef\" data-element_type=\"widget\" data-widget_type=\"heading.default\">\n\t\t\t\t<div class=\"elementor-widget-container\">\n\t\t\t\t\t<h2 class=\"elementor-heading-title elementor-size-default\">Concesi\u00f3n<\/h2>\t\t\t\t<\/div>\n\t\t\t\t<\/div>\n\t\t\t\t<div class=\"elementor-element elementor-element-b99fbad acega-breadcums elementor-widget elementor-widget-shortcode\" data-id=\"b99fbad\" data-element_type=\"widget\" data-widget_type=\"shortcode.default\">\n\t\t\t\t<div class=\"elementor-widget-container\">\n\t\t\t\t\t\t\t<div class=\"elementor-shortcode\"><nav aria-label=\"breadcrumbs\" class=\"rank-math-breadcrumb\"><p><span class=\"last\">Inicio<\/span><\/p><\/nav><\/div>\n\t\t\t\t\t\t<\/div>\n\t\t\t\t<\/div>\n\t\t\t\t\t<\/div>\n\t\t\t\t<\/div>\n\t\t<div class=\"elementor-element elementor-element-47379aa e-con-full e-flex e-con e-parent\" data-id=\"47379aa\" data-element_type=\"container\">\n\t\t<div class=\"elementor-element elementor-element-555c691 e-con-full e-flex e-con e-child\" data-id=\"555c691\" data-element_type=\"container\" data-settings=\"{&quot;background_background&quot;:&quot;classic&quot;}\">\n\t\t\t\t<\/div>\n\t\t<div class=\"elementor-element elementor-element-6b41548 e-con-full e-flex e-con e-child\" data-id=\"6b41548\" data-element_type=\"container\">\n\t\t<div class=\"elementor-element elementor-element-ef74ba4 e-con-full e-flex e-con e-child\" data-id=\"ef74ba4\" data-element_type=\"container\">\n\t\t\t\t<div class=\"elementor-element elementor-element-0d5db9d elementor-invisible elementor-widget elementor-widget-text-editor\" data-id=\"0d5db9d\" data-element_type=\"widget\" data-settings=\"{&quot;_animation&quot;:&quot;fadeInUp&quot;,&quot;_animation_delay&quot;:100}\" data-widget_type=\"text-editor.default\">\n\t\t\t\t<div class=\"elementor-widget-container\">\n\t\t\t\t\t\t\t\t\t<p>Autopista Central Galega, C.E.S.A. (ACEGA), sociedade concesionaria que pertence ao grupo GLOBALVIA, opera e mant\u00e9n a autoestrada de peaxe de Santiago de Compostela ao Alto de Santo Domingo (Doz\u00f3n).<\/p><p>A concesi\u00f3n adxudicouse en 1999, cunha duraci\u00f3n de 75 anos. O seu primeiro tramo (Santiago-Silleda) abriuse ao tr\u00e1fico en decembro de 2002, e foi en xu\u00f1o de 2004 cando os seu 56,6 km de lonxitude estiveron totalmente en servizo. <\/p><p>O tramo concesionado forma parte da conexi\u00f3n entre Santiago de Compostela e Ourense. Este tramo discorre desde Santiago de Compostela ata o Alto de Santo de Domingo (Doz\u00f3n) mediante unha autoestrada de peaxe directa ao usuario e titularidade do Ministerio de Transportes y Movilidad Sostenible (MTMS). O segundo tramo do corredor, Alto de Santo Domingo \u2013 Conexi\u00f3n coa A-52 (Ourense), \u00e9 unha autoestrada de peaxe en sombra cuxa titularidade corresponde \u00e1 Xunta de Galicia.  <\/p><p>\u00c9 unha v\u00eda de alta capacidade de calzadas separadas con 2 carr\u00eds por sentido e que conta cun terceiro carril entre os puntos quilom\u00e9tricos 0 ao 2,2 en ambas as calzadas e do 18,8 ao 24,2 na calzada sentido Ourense.<\/p><p>A autoestrada inicia o trazado en Santiago, partindo da ligaz\u00f3n coa estrada N-525 e AP-9 (Autopista do Atl\u00e1ntico), que \u00e9 o eixo vertebrador do corredor atl\u00e1ntico galego. Na s\u00faa primeira sa\u00edda enlaza coa v\u00eda AG-59, a trav\u00e9s da ligaz\u00f3n de Tras Do Eixo. <\/p><p>Contin\u00faa o seu percorrido, dentro da provincia da Coru\u00f1a, cara Santa Cruz de Ribadulla onde se sit\u00faa unha sa\u00edda que d\u00e1 servizo \u00e1 comarca do Ulla. Segue cara o sur, pasando \u00e1 provincia de Pontevedra ao cruzar o viaduto sobre o r\u00edo Ulla. Na sa\u00edda de peaxe de Bandeira p\u00f3dese acceder de novo \u00e1 N-525. A continuaci\u00f3n, atopamos a peaxe de Silleda, que comunica cos accesos ao recinto feiral e ao n\u00facleo urbano.   <\/p><p>Na zona de Lal\u00edn hai tres sa\u00eddas: a Oeste, que d\u00e1 servizo ao pol\u00edgono industrial; Centro, que enlaza coa PO 534 e Leste, que enlaza coa N-525.<\/p><p>A autoestrada finaliza en Doz\u00f3n, onde entronca coa AG-53 que continua o seu percorrido cara a Ourense cidade.<\/p>\t\t\t\t\t\t\t\t<\/div>\n\t\t\t\t<\/div>\n\t\t\t\t<div class=\"elementor-element elementor-element-e78cb60 elementor-widget elementor-widget-wp-widget-pages\" data-id=\"e78cb60\" data-element_type=\"widget\" data-widget_type=\"wp-widget-pages.default\">\n\t\t\t\t<div class=\"elementor-widget-container\">\n\t\t\t\t\t<h5>P\u00e1xinas<\/h5>\n\t\t\t<ul>\n\t\t\t\t<li class=\"page_item page-item-1421\"><a href=\"https:\/\/acega.es\/gl\/aviso-lega\/\">Aviso Legal<\/a><\/li>\n<li class=\"page_item page-item-1182\"><a href=\"https:\/\/acega.es\/gl\/contacto\/\">Contacto<\/a><\/li>\n<li class=\"page_item page-item-1178\"><a href=\"https:\/\/acega.es\/gl\/\">Inicio<\/a><\/li>\n<li class=\"page_item page-item-1184\"><a href=\"https:\/\/acega.es\/gl\/metodos-de-pago\/\">M\u00e9todos de pago<\/a><\/li>\n<li class=\"page_item page-item-1186 current_page_parent\"><a href=\"https:\/\/acega.es\/gl\/novas\/\">Novas<\/a><\/li>\n<li class=\"page_item page-item-1191\"><a href=\"https:\/\/acega.es\/gl\/periodo-medio-de-pago-a-proveedores\/\">Periodo medio de pago a proveedores<\/a><\/li>\n<li class=\"page_item page-item-1271\"><a href=\"https:\/\/acega.es\/gl\/politica-de-cookies\/\">Pol\u00edtica de cookies<\/a><\/li>\n<li class=\"page_item page-item-1180\"><a href=\"https:\/\/acega.es\/gl\/aviso-legal\/\">Pol\u00edtica de privacidade<\/a><\/li>\n<li class=\"page_item page-item-1187\"><a href=\"https:\/\/acega.es\/gl\/quen-somos\/\">Quen somos<\/a><\/li>\n<li class=\"page_item page-item-1189\"><a href=\"https:\/\/acega.es\/gl\/solicitude-de-factura\/\">Solicitude de factura<\/a><\/li>\n<li class=\"page_item page-item-1193\"><a href=\"https:\/\/acega.es\/gl\/tarifas\/\">Tarifas<\/a><\/li>\n<li class=\"page_item page-item-1195\"><a href=\"https:\/\/acega.es\/gl\/via-t\/\">V\u00cdA T<\/a><\/li>\n\t\t\t<\/ul>\n\n\t\t\t\t\t\t\t<\/div>\n\t\t\t\t<\/div>\n\t\t\t\t<\/div>\n\t\t\t\t<\/div>\n\t\t\t\t<\/div>\n\t\t<div class=\"elementor-element elementor-element-7c482b0 e-flex e-con-boxed e-con e-parent\" data-id=\"7c482b0\" data-element_type=\"container\" id=\"mapa-peajes\">\n\t\t\t\t\t<div class=\"e-con-inner\">\n\t\t<div class=\"elementor-element elementor-element-7f5da98 e-con-full e-flex e-con e-child\" data-id=\"7f5da98\" data-element_type=\"container\">\n\t\t\t\t<div class=\"elementor-element elementor-element-cea8730 elementor-widget-laptop__width-initial elementor-widget elementor-widget-html\" data-id=\"cea8730\" data-element_type=\"widget\" data-widget_type=\"html.default\">\n\t\t\t\t<div class=\"elementor-widget-container\">\n\t\t\t\t\t<iframe src=\"https:\/\/www.google.com\/maps\/d\/u\/0\/embed?mid=1n71YOsb3ktum-NFlq1GBoKE83OMUMhE&amp;ehbc=2E312F&amp;noprof=1\" width=\"640\" height=\"680\"><\/iframe>\t\t\t\t<\/div>\n\t\t\t\t<\/div>\n\t\t\t\t<div class=\"elementor-element elementor-element-48a59e5 elementor-widget__width-initial acega-tax-table elementor-widget elementor-widget-html\" data-id=\"48a59e5\" data-element_type=\"widget\" data-widget_type=\"html.default\">\n\t\t\t\t<div class=\"elementor-widget-container\">\n\t\t\t\t\t<table class=\"custom-table\">\r\n    <thead>\r\n        <tr>\r\n            <th>Enlace<\/th><th>Ubicaci\u00f3n<\/th><th>Carreteras de enlace<\/th><th>N\u00facleos do acceso<\/th>\r\n        <\/tr>\r\n    <\/thead>\r\n    <tbody>\r\n        <tr>\r\n            <td data-label=\"Enlace\">Tras do Eixo<\/td><td data-label=\"Ubicaci\u00f3n\">PK: 02+200<\/td><td data-label=\"Carreteras de enlace\">AG-59, N-525<\/td><td data-label=\"N\u00facleos del acceso\">Teo<\/td>\r\n        <\/tr>\r\n        <tr>\r\n            <td data-label=\"Enlace\">Ribadulla<\/td><td data-label=\"Ubicaci\u00f3n\">PK: 14+900<\/td><td data-label=\"Carreteras de enlace\">AC-8902<\/td><td data-label=\"N\u00facleos del acceso\">Ribadulla, Vedra<\/td>\r\n        <\/tr>\r\n        <tr>\r\n            <td data-label=\"Enlace\">Bandeira<\/td><td data-label=\"Ubicaci\u00f3n\">PK: 24+200<\/td><td data-label=\"Carreteras de enlace\">N-525<\/td><td data-label=\"N\u00facleos del acceso\">Bandeira<\/td>\r\n        <\/tr>\r\n        <tr>\r\n            <td data-label=\"Enlace\">Silleda<\/td><td data-label=\"Ubicaci\u00f3n\">PK: 33+400<\/td><td data-label=\"Carreteras de enlace\">PO-205, N-525<\/td><td data-label=\"N\u00facleos del acceso\">Silleda<\/td>\r\n        <\/tr>\r\n        <tr>\r\n            <td data-label=\"Enlace\">Lal\u00edn Oeste<\/td><td data-label=\"Ubicaci\u00f3n\">PK: 41+860<\/td><td data-label=\"Carreteras de enlace\">N-525, N-640<\/td><td data-label=\"N\u00facleos del acceso\">Lal\u00edn<\/td>\r\n        <\/tr>\r\n        <tr>\r\n            <td data-label=\"Enlace\">Lal\u00edn Centro<\/td><td data-label=\"Ubicaci\u00f3n\">PK: 46+740<\/td><td data-label=\"Carreteras de enlace\">PO-534, N-525, N-640<\/td><td data-label=\"N\u00facleos del acceso\">Lal\u00edn<\/td>\r\n        <\/tr>\r\n        <tr>\r\n            <td data-label=\"Enlace\">Lal\u00edn Este<\/td><td data-label=\"Ubicaci\u00f3n\">PK: 55+000<\/td><td data-label=\"Carreteras de enlace\">N-525, N-640<\/td><td data-label=\"N\u00facleos del acceso\">Lal\u00edn<\/td>\r\n        <\/tr>\r\n        <tr>\r\n            <td data-label=\"Enlace\">Doz\u00f3n<\/td><td data-label=\"Ubicaci\u00f3n\">PK: 56+300<\/td><td data-label=\"Carreteras de enlace\">N-525<\/td><td data-label=\"N\u00facleos del acceso\">Doz\u00f3n<\/td>\r\n        <\/tr>\r\n    <\/tbody>\r\n<\/table>\r\n\t\t\t\t<\/div>\n\t\t\t\t<\/div>\n\t\t\t\t<\/div>\n\t\t\t\t\t<\/div>\n\t\t\t\t<\/div>\n\t\t<div class=\"elementor-element elementor-element-b10757d e-flex e-con-boxed e-con e-parent\" data-id=\"b10757d\" data-element_type=\"container\" id=\"area-servicio\" data-settings=\"{&quot;background_background&quot;:&quot;classic&quot;}\">\n\t\t\t\t\t<div class=\"e-con-inner\">\n\t\t<div class=\"elementor-element elementor-element-063b787 e-con-full e-flex e-con e-child\" data-id=\"063b787\" data-element_type=\"container\">\n\t\t\t\t<div class=\"elementor-element elementor-element-1f21b3b elementor-widget__width-initial elementor-widget-mobile__width-inherit elementor-widget elementor-widget-image\" data-id=\"1f21b3b\" data-element_type=\"widget\" data-widget_type=\"image.default\">\n\t\t\t\t<div class=\"elementor-widget-container\">\n\t\t\t\t\t\t\t\t\t\t\t\t\t\t\t<img fetchpriority=\"high\" decoding=\"async\" width=\"492\" height=\"355\" src=\"https:\/\/acega.es\/wp-content\/uploads\/2024\/01\/Clip-1.png\" class=\"attachment-2048x2048 size-2048x2048 wp-image-845\" alt=\"\" srcset=\"https:\/\/acega.es\/wp-content\/uploads\/2024\/01\/Clip-1.png 492w, https:\/\/acega.es\/wp-content\/uploads\/2024\/01\/Clip-1-300x216.png 300w\" sizes=\"(max-width: 492px) 100vw, 492px\" \/>\t\t\t\t\t\t\t\t\t\t\t\t\t\t\t<\/div>\n\t\t\t\t<\/div>\n\t\t\t\t<\/div>\n\t\t<div class=\"elementor-element elementor-element-2f2bd53 e-con-full e-flex e-con e-child\" data-id=\"2f2bd53\" data-element_type=\"container\">\n\t\t\t\t<div class=\"elementor-element elementor-element-91c128c elementor-invisible elementor-widget elementor-widget-heading\" data-id=\"91c128c\" data-element_type=\"widget\" data-settings=\"{&quot;_animation&quot;:&quot;fadeInUp&quot;,&quot;_animation_delay&quot;:100}\" data-widget_type=\"heading.default\">\n\t\t\t\t<div class=\"elementor-widget-container\">\n\t\t\t\t\t<h2 class=\"elementor-heading-title elementor-size-default\">\u00c1rea de Servizo<\/h2>\t\t\t\t<\/div>\n\t\t\t\t<\/div>\n\t\t\t\t<div class=\"elementor-element elementor-element-3b087f2 elementor-invisible elementor-widget elementor-widget-text-editor\" data-id=\"3b087f2\" data-element_type=\"widget\" data-settings=\"{&quot;_animation&quot;:&quot;fadeInUp&quot;,&quot;_animation_delay&quot;:100}\" data-widget_type=\"text-editor.default\">\n\t\t\t\t<div class=\"elementor-widget-container\">\n\t\t\t\t\t\t\t\t\t<p>Gasolinera GALP en SILLEDA (PONTEVEDRA)<br>AP-53 km 28,000<\/p><p>Gasolinera, cafeter\u00eda e tenda.<br>Cargadores de veh\u00edculos el\u00e9ctricos<\/p><p><b>Horario<\/b>: L-D: 24H<br><b>Tel\u00e9fono<\/b>: <a href=\"http:\/\/+34986681855\" data-wplink-url-error=\"true\">986681855<\/a><\/p>\t\t\t\t\t\t\t\t<\/div>\n\t\t\t\t<\/div>\n\t\t\t\t<\/div>\n\t\t\t\t\t<\/div>\n\t\t\t\t<\/div>\n\t\t<div class=\"elementor-element elementor-element-d667a74 e-flex e-con-boxed e-con e-parent\" data-id=\"d667a74\" data-element_type=\"container\" data-settings=\"{&quot;background_background&quot;:&quot;classic&quot;}\">\n\t\t\t\t\t<div class=\"e-con-inner\">\n\t\t\t\t\t<\/div>\n\t\t\t\t<\/div>\n\t\t<div class=\"elementor-element elementor-element-777b0df e-flex e-con-boxed e-con e-parent\" data-id=\"777b0df\" data-element_type=\"container\" id=\"acega-noticias\">\n\t\t\t\t\t<div class=\"e-con-inner\">\n\t\t<div class=\"elementor-element elementor-element-c582162 e-con-full e-flex e-con e-child\" data-id=\"c582162\" data-element_type=\"container\">\n\t\t\t\t<div class=\"elementor-element elementor-element-91caee4 elementor-widget__width-auto elementor-invisible elementor-widget elementor-widget-heading\" data-id=\"91caee4\" data-element_type=\"widget\" data-settings=\"{&quot;_animation&quot;:&quot;fadeInUp&quot;,&quot;_animation_delay&quot;:100}\" data-widget_type=\"heading.default\">\n\t\t\t\t<div class=\"elementor-widget-container\">\n\t\t\t\t\t<h2 class=\"elementor-heading-title elementor-size-default\">NOVAS<\/h2>\t\t\t\t<\/div>\n\t\t\t\t<\/div>\n\t\t\t\t<\/div>\n\t\t<div class=\"elementor-element elementor-element-5f018a1 e-con-full e-flex elementor-invisible e-con e-child\" data-id=\"5f018a1\" data-element_type=\"container\" data-settings=\"{&quot;animation&quot;:&quot;fadeInUp&quot;,&quot;animation_delay&quot;:100}\">\n\t\t\t\t<div class=\"elementor-element elementor-element-fbad0e6 elementor-widget__width-initial elementor-widget-tablet__width-inherit elementor-widget-mobile__width-inherit elementor-widget elementor-widget-heading\" data-id=\"fbad0e6\" data-element_type=\"widget\" data-widget_type=\"heading.default\">\n\t\t\t\t<div class=\"elementor-widget-container\">\n\t\t\t\t\t<h3 class=\"elementor-heading-title elementor-size-default\">Actualidade ACEGA <br><\/h3>\t\t\t\t<\/div>\n\t\t\t\t<\/div>\n\t\t\t\t<div class=\"elementor-element elementor-element-09e56b1 elementor-widget__width-initial elementor-widget-tablet__width-inherit elementor-widget-mobile__width-inherit elementor-widget elementor-widget-heading\" data-id=\"09e56b1\" data-element_type=\"widget\" data-widget_type=\"heading.default\">\n\t\t\t\t<div class=\"elementor-widget-container\">\n\t\t\t\t\t<h4 class=\"elementor-heading-title elementor-size-default\">Autoestrada de peaxe de Santiago de Compostela-Ourense. <\/h4>\t\t\t\t<\/div>\n\t\t\t\t<\/div>\n\t\t\t\t<\/div>\n\t\t\t\t\t<\/div>\n\t\t\t\t<\/div>\n\t\t<div class=\"elementor-element elementor-element-adafa7c e-con-full e-flex e-con e-parent\" data-id=\"adafa7c\" data-element_type=\"container\">\n\t\t\t\t<div class=\"elementor-element elementor-element-7b7b13a elementor-grid-1 elementor-grid-tablet-1 elementor-grid-mobile-1 elementor-invisible elementor-widget elementor-widget-loop-grid\" data-id=\"7b7b13a\" data-element_type=\"widget\" data-settings=\"{&quot;template_id&quot;:1258,&quot;columns&quot;:1,&quot;row_gap&quot;:{&quot;unit&quot;:&quot;px&quot;,&quot;size&quot;:10,&quot;sizes&quot;:[]},&quot;_animation&quot;:&quot;slideInUp&quot;,&quot;columns_tablet&quot;:1,&quot;_skin&quot;:&quot;post&quot;,&quot;columns_mobile&quot;:&quot;1&quot;,&quot;edit_handle_selector&quot;:&quot;[data-elementor-type=\\&quot;loop-item\\&quot;]&quot;,&quot;row_gap_laptop&quot;:{&quot;unit&quot;:&quot;px&quot;,&quot;size&quot;:&quot;&quot;,&quot;sizes&quot;:[]},&quot;row_gap_tablet&quot;:{&quot;unit&quot;:&quot;px&quot;,&quot;size&quot;:&quot;&quot;,&quot;sizes&quot;:[]},&quot;row_gap_mobile&quot;:{&quot;unit&quot;:&quot;px&quot;,&quot;size&quot;:&quot;&quot;,&quot;sizes&quot;:[]}}\" data-widget_type=\"loop-grid.post\">\n\t\t\t\t<div class=\"elementor-widget-container\">\n\t\t\t\t\t\t\t<div class=\"e-loop-nothing-found-message\">\n\t\t<\/div>\n\t\t\t\t\t\t<\/div>\n\t\t\t\t<\/div>\n\t\t<div class=\"elementor-element elementor-element-692ebf7 e-flex e-con-boxed e-con e-child\" data-id=\"692ebf7\" data-element_type=\"container\">\n\t\t\t\t\t<div class=\"e-con-inner\">\n\t\t\t\t<div class=\"elementor-element elementor-element-8691c72 elementor-invisible elementor-widget elementor-widget-button\" data-id=\"8691c72\" data-element_type=\"widget\" data-settings=\"{&quot;_animation&quot;:&quot;fadeIn&quot;,&quot;_animation_delay&quot;:100}\" data-widget_type=\"button.default\">\n\t\t\t\t<div class=\"elementor-widget-container\">\n\t\t\t\t\t\t\t\t\t<div class=\"elementor-button-wrapper\">\n\t\t\t\t\t<a class=\"elementor-button elementor-button-link elementor-size-sm\" href=\"https:\/\/acega.es\/gl\/novas\/\">\n\t\t\t\t\t\t<span class=\"elementor-button-content-wrapper\">\n\t\t\t\t\t\t\t\t\t<span class=\"elementor-button-text\">VER TODAS<\/span>\n\t\t\t\t\t<\/span>\n\t\t\t\t\t<\/a>\n\t\t\t\t<\/div>\n\t\t\t\t\t\t\t\t<\/div>\n\t\t\t\t<\/div>\n\t\t\t\t\t<\/div>\n\t\t\t\t<\/div>\n\t\t\t\t<\/div>\n\t\t\t\t<\/div>\n\t\t","protected":false},"excerpt":{"rendered":"<p>Concesi\u00f3n Autopista Central Galega, C.E.S.A. (ACEGA), sociedade concesionaria que pertence ao grupo GLOBALVIA, opera e mant\u00e9n a autoestrada de peaxe de Santiago de Compostela ao Alto de Santo Domingo (Doz\u00f3n). A concesi\u00f3n adxudicouse en 1999, cunha duraci\u00f3n de 75 anos. O seu primeiro tramo (Santiago-Silleda) abriuse ao tr\u00e1fico en decembro de 2002, e foi en &#8230; <a title=\"Quen somos\" class=\"read-more\" href=\"https:\/\/acega.es\/gl\/quen-somos\/\" aria-label=\"Le m\u00e1is sobre Quen somos\">Ler m\u00e1is<\/a><\/p>\n","protected":false},"author":1,"featured_media":0,"parent":0,"menu_order":0,"comment_status":"closed","ping_status":"closed","template":"elementor_header_footer","meta":{"_acf_changed":false,"footnotes":""},"class_list":["post-1187","page","type-page","status-publish"],"acf":[],"_links":{"self":[{"href":"https:\/\/acega.es\/gl\/wp-json\/wp\/v2\/pages\/1187","targetHints":{"allow":["GET"]}}],"collection":[{"href":"https:\/\/acega.es\/gl\/wp-json\/wp\/v2\/pages"}],"about":[{"href":"https:\/\/acega.es\/gl\/wp-json\/wp\/v2\/types\/page"}],"author":[{"embeddable":true,"href":"https:\/\/acega.es\/gl\/wp-json\/wp\/v2\/users\/1"}],"replies":[{"embeddable":true,"href":"https:\/\/acega.es\/gl\/wp-json\/wp\/v2\/comments?post=1187"}],"version-history":[{"count":5,"href":"https:\/\/acega.es\/gl\/wp-json\/wp\/v2\/pages\/1187\/revisions"}],"predecessor-version":[{"id":1723,"href":"https:\/\/acega.es\/gl\/wp-json\/wp\/v2\/pages\/1187\/revisions\/1723"}],"wp:attachment":[{"href":"https:\/\/acega.es\/gl\/wp-json\/wp\/v2\/media?parent=1187"}],"curies":[{"name":"wp","href":"https:\/\/api.w.org\/{rel}","templated":true}]}}