{"id":1184,"date":"2024-01-16T10:01:23","date_gmt":"2024-01-16T09:01:23","guid":{"rendered":"https:\/\/acega.webenconstruccion.com\/metodos-de-pago\/"},"modified":"2024-09-17T11:55:04","modified_gmt":"2024-09-17T09:55:04","slug":"metodos-de-pago","status":"publish","type":"page","link":"https:\/\/acega.es\/gl\/metodos-de-pago\/","title":{"rendered":"M\u00e9todos de pago"},"content":{"rendered":"\t\t<div data-elementor-type=\"wp-page\" data-elementor-id=\"1184\" class=\"elementor elementor-1184 elementor-22\" data-elementor-post-type=\"page\">\n\t\t\t\t<div class=\"elementor-element elementor-element-f180290 e-flex e-con-boxed e-con e-parent\" data-id=\"f180290\" data-element_type=\"container\" data-settings=\"{&quot;background_background&quot;:&quot;classic&quot;}\">\n\t\t\t\t\t<div class=\"e-con-inner\">\n\t\t\t\t<div class=\"elementor-element elementor-element-6f4bd7c elementor-widget elementor-widget-heading\" data-id=\"6f4bd7c\" data-element_type=\"widget\" data-widget_type=\"heading.default\">\n\t\t\t\t<div class=\"elementor-widget-container\">\n\t\t\t\t\t<h2 class=\"elementor-heading-title elementor-size-default\">Medios de pago<\/h2>\t\t\t\t<\/div>\n\t\t\t\t<\/div>\n\t\t\t\t<div class=\"elementor-element elementor-element-fc60a2c acega-breadcums elementor-widget elementor-widget-shortcode\" data-id=\"fc60a2c\" data-element_type=\"widget\" data-widget_type=\"shortcode.default\">\n\t\t\t\t<div class=\"elementor-widget-container\">\n\t\t\t\t\t\t\t<div class=\"elementor-shortcode\"><nav aria-label=\"breadcrumbs\" class=\"rank-math-breadcrumb\"><p><span class=\"last\">Inicio<\/span><\/p><\/nav><\/div>\n\t\t\t\t\t\t<\/div>\n\t\t\t\t<\/div>\n\t\t\t\t\t<\/div>\n\t\t\t\t<\/div>\n\t\t<div class=\"elementor-element elementor-element-2686d29 e-flex e-con-boxed e-con e-parent\" data-id=\"2686d29\" data-element_type=\"container\">\n\t\t\t\t\t<div class=\"e-con-inner\">\n\t\t<div class=\"elementor-element elementor-element-51d77fc e-flex e-con-boxed e-con e-child\" data-id=\"51d77fc\" data-element_type=\"container\">\n\t\t\t\t\t<div class=\"e-con-inner\">\n\t\t\t\t<div class=\"elementor-element elementor-element-0e51dc7 elementor-widget elementor-widget-image\" data-id=\"0e51dc7\" data-element_type=\"widget\" data-widget_type=\"image.default\">\n\t\t\t\t<div class=\"elementor-widget-container\">\n\t\t\t\t\t\t\t\t\t\t\t\t\t\t\t<img fetchpriority=\"high\" decoding=\"async\" width=\"902\" height=\"354\" src=\"https:\/\/acega.es\/wp-content\/uploads\/2024\/01\/cropped-acega-v-principal-endoso-TRANS-e1625813226879.png\" class=\"attachment-large size-large wp-image-825\" alt=\"\" srcset=\"https:\/\/acega.es\/wp-content\/uploads\/2024\/01\/cropped-acega-v-principal-endoso-TRANS-e1625813226879.png 902w, https:\/\/acega.es\/wp-content\/uploads\/2024\/01\/cropped-acega-v-principal-endoso-TRANS-e1625813226879-300x118.png 300w, https:\/\/acega.es\/wp-content\/uploads\/2024\/01\/cropped-acega-v-principal-endoso-TRANS-e1625813226879-768x301.png 768w\" sizes=\"(max-width: 902px) 100vw, 902px\" \/>\t\t\t\t\t\t\t\t\t\t\t\t\t\t\t<\/div>\n\t\t\t\t<\/div>\n\t\t\t\t<div class=\"elementor-element elementor-element-6f01bfe elementor-invisible elementor-widget elementor-widget-text-editor\" data-id=\"6f01bfe\" data-element_type=\"widget\" data-settings=\"{&quot;_animation&quot;:&quot;fadeInUp&quot;,&quot;_animation_delay&quot;:100}\" data-widget_type=\"text-editor.default\">\n\t\t\t\t<div class=\"elementor-widget-container\">\n\t\t\t\t\t\t\t\t\t<p>Para o pago da tarifa da forma m\u00e1is conveniente e segura, ac\u00e9ptanse como m\u00e9todos de pago tanto o efectivo, como os medios de pago electr\u00f3nicos (tarxetas e telepeaxe)<\/p>\n\t\t\t\t\t\t\t\t<\/div>\n\t\t\t\t<\/div>\n\t\t\t\t\t<\/div>\n\t\t\t\t<\/div>\n\t\t\t\t\t<\/div>\n\t\t\t\t<\/div>\n\t\t<div class=\"elementor-element elementor-element-1e293a2 e-flex e-con-boxed e-con e-parent\" data-id=\"1e293a2\" data-element_type=\"container\" data-settings=\"{&quot;background_background&quot;:&quot;classic&quot;}\">\n\t\t\t\t\t<div class=\"e-con-inner\">\n\t\t<div class=\"elementor-element elementor-element-54b4873 e-con-full e-flex e-con e-child\" data-id=\"54b4873\" data-element_type=\"container\">\n\t\t\t\t<div class=\"elementor-element elementor-element-dea3d72 elementor-widget__width-initial elementor-widget elementor-widget-image\" data-id=\"dea3d72\" data-element_type=\"widget\" data-widget_type=\"image.default\">\n\t\t\t\t<div class=\"elementor-widget-container\">\n\t\t\t\t\t\t\t\t\t\t\t\t\t\t\t<img decoding=\"async\" width=\"458\" height=\"292\" src=\"https:\/\/acega.es\/wp-content\/uploads\/2024\/05\/telep.jpg\" class=\"attachment-full size-full wp-image-880\" alt=\"\" srcset=\"https:\/\/acega.es\/wp-content\/uploads\/2024\/05\/telep.jpg 458w, https:\/\/acega.es\/wp-content\/uploads\/2024\/05\/telep-300x191.jpg 300w\" sizes=\"(max-width: 458px) 100vw, 458px\" \/>\t\t\t\t\t\t\t\t\t\t\t\t\t\t\t<\/div>\n\t\t\t\t<\/div>\n\t\t\t\t<\/div>\n\t\t<div class=\"elementor-element elementor-element-d5baa6b e-con-full e-flex e-con e-child\" data-id=\"d5baa6b\" data-element_type=\"container\">\n\t\t\t\t<div class=\"elementor-element elementor-element-3e1907d elementor-invisible elementor-widget elementor-widget-heading\" data-id=\"3e1907d\" data-element_type=\"widget\" data-settings=\"{&quot;_animation&quot;:&quot;fadeInUp&quot;,&quot;_animation_delay&quot;:100}\" data-widget_type=\"heading.default\">\n\t\t\t\t<div class=\"elementor-widget-container\">\n\t\t\t\t\t<h2 class=\"elementor-heading-title elementor-size-default\">Telepeaxe (VIA-T)<\/h2>\t\t\t\t<\/div>\n\t\t\t\t<\/div>\n\t\t\t\t<div class=\"elementor-element elementor-element-a916566 elementor-widget__width-initial elementor-invisible elementor-widget elementor-widget-text-editor\" data-id=\"a916566\" data-element_type=\"widget\" data-settings=\"{&quot;_animation&quot;:&quot;fadeInUp&quot;,&quot;_animation_delay&quot;:100}\" data-widget_type=\"text-editor.default\">\n\t\t\t\t<div class=\"elementor-widget-container\">\n\t\t\t\t\t\t\t\t\t<p>Pode utilizar o seu dispositivo de telepeaxe para o pago en todas as nosas v\u00edas. Este sistema perm\u00edtelle abonar a peaxe sen a necesidade de deterse. <\/p>\n<p><span style=\"color: var( --e-global-color-text ); font-size: 0.9rem;\">As v\u00edas de telepeaxe est\u00e1n identificadas da seguinte maneira:<\/span><\/p>\n\t\t\t\t\t\t\t\t<\/div>\n\t\t\t\t<\/div>\n\t\t<div class=\"elementor-element elementor-element-1978ea4 e-con-full e-flex e-con e-child\" data-id=\"1978ea4\" data-element_type=\"container\">\n\t\t<div class=\"elementor-element elementor-element-dc6060e e-flex e-con-boxed e-con e-child\" data-id=\"dc6060e\" data-element_type=\"container\">\n\t\t\t\t\t<div class=\"e-con-inner\">\n\t\t<div class=\"elementor-element elementor-element-c0eff60 e-flex e-con-boxed e-con e-child\" data-id=\"c0eff60\" data-element_type=\"container\">\n\t\t\t\t\t<div class=\"e-con-inner\">\n\t\t\t\t<div class=\"elementor-element elementor-element-2234f47 elementor-widget__width-initial elementor-widget-mobile__width-inherit elementor-position-top elementor-widget elementor-widget-image-box\" data-id=\"2234f47\" data-element_type=\"widget\" data-widget_type=\"image-box.default\">\n\t\t\t\t<div class=\"elementor-widget-container\">\n\t\t\t\t\t<div class=\"elementor-image-box-wrapper\"><figure class=\"elementor-image-box-img\"><img decoding=\"async\" width=\"40\" height=\"40\" src=\"https:\/\/acega.es\/wp-content\/uploads\/2024\/05\/unico.png\" class=\"attachment-full size-full wp-image-712\" alt=\"\" \/><\/figure><div class=\"elementor-image-box-content\"><h3 class=\"elementor-image-box-title\">\u00danico sistema de pago<\/h3><p class=\"elementor-image-box-description\">O sinal redondo identifica as v\u00edas onde a telepeaxe \u00e9 o \u00fanico sistema de pago aceptado.<\/p><\/div><\/div>\t\t\t\t<\/div>\n\t\t\t\t<\/div>\n\t\t\t\t<div class=\"elementor-element elementor-element-24e7db8 elementor-widget__width-initial elementor-widget-mobile__width-inherit elementor-position-top elementor-widget elementor-widget-image-box\" data-id=\"24e7db8\" data-element_type=\"widget\" data-widget_type=\"image-box.default\">\n\t\t\t\t<div class=\"elementor-widget-container\">\n\t\t\t\t\t<div class=\"elementor-image-box-wrapper\"><figure class=\"elementor-image-box-img\"><img loading=\"lazy\" decoding=\"async\" width=\"40\" height=\"39\" src=\"https:\/\/acega.es\/wp-content\/uploads\/2024\/05\/telepeaje.png\" class=\"attachment-full size-full wp-image-713\" alt=\"\" \/><\/figure><div class=\"elementor-image-box-content\"><h3 class=\"elementor-image-box-title\">Varios sistemas de pago<\/h3><p class=\"elementor-image-box-description\">O sinal rectangular identifica as v\u00edas onde se admiten como medios de pago tanto a telepeaxe como tarxetas e\/o efectivo.<\/p><\/div><\/div>\t\t\t\t<\/div>\n\t\t\t\t<\/div>\n\t\t\t\t\t<\/div>\n\t\t\t\t<\/div>\n\t\t\t\t\t<\/div>\n\t\t\t\t<\/div>\n\t\t\t\t<\/div>\n\t\t\t\t<\/div>\n\t\t\t\t\t<\/div>\n\t\t\t\t<\/div>\n\t\t<div class=\"elementor-element elementor-element-4e7c62a e-flex e-con-boxed e-con e-parent\" data-id=\"4e7c62a\" data-element_type=\"container\" data-settings=\"{&quot;background_background&quot;:&quot;classic&quot;}\">\n\t\t\t\t\t<div class=\"e-con-inner\">\n\t\t\t\t<div class=\"elementor-element elementor-element-1c25d30 elementor-widget elementor-widget-image\" data-id=\"1c25d30\" data-element_type=\"widget\" data-widget_type=\"image.default\">\n\t\t\t\t<div class=\"elementor-widget-container\">\n\t\t\t\t\t\t\t\t\t\t\t\t\t\t\t<img decoding=\"async\" src=\"https:\/\/acega.es\/wp-content\/uploads\/elementor\/thumbs\/unnamed-qie4qmov8wxickrj036x9vsg25w3dw3h3renrmrzsw.png\" title=\"unnamed\" alt=\"Via T\" loading=\"lazy\" \/>\t\t\t\t\t\t\t\t\t\t\t\t\t\t\t<\/div>\n\t\t\t\t<\/div>\n\t\t<div class=\"elementor-element elementor-element-b70ae1b e-flex e-con-boxed e-con e-child\" data-id=\"b70ae1b\" data-element_type=\"container\">\n\t\t\t\t\t<div class=\"e-con-inner\">\n\t\t\t\t<div class=\"elementor-element elementor-element-aebe830 elementor-invisible elementor-widget elementor-widget-text-editor\" data-id=\"aebe830\" data-element_type=\"widget\" data-settings=\"{&quot;_animation&quot;:&quot;fadeInUp&quot;,&quot;_animation_delay&quot;:100}\" data-widget_type=\"text-editor.default\">\n\t\t\t\t<div class=\"elementor-widget-container\">\n\t\t\t\t\t\t\t\t\t<p>Co\u00f1eza toda a informaci\u00f3n e vantaxes que lle ofrece <a href=\"https:\/\/www.viat.es\/\" target=\"_blank\" rel=\"noopener\"><span style=\"text-decoration: underline;\"><strong>VIA-T<\/strong><\/span><\/a><\/p>\n\t\t\t\t\t\t\t\t<\/div>\n\t\t\t\t<\/div>\n\t\t\t\t\t<\/div>\n\t\t\t\t<\/div>\n\t\t\t\t\t<\/div>\n\t\t\t\t<\/div>\n\t\t<div class=\"elementor-element elementor-element-e61fb7a e-flex e-con-boxed e-con e-parent\" data-id=\"e61fb7a\" data-element_type=\"container\" id=\"acega-senales\">\n\t\t\t\t\t<div class=\"e-con-inner\">\n\t\t<div class=\"elementor-element elementor-element-e8c6de3 e-flex e-con-boxed e-con e-child\" data-id=\"e8c6de3\" data-element_type=\"container\">\n\t\t\t\t\t<div class=\"e-con-inner\">\n\t\t\t\t<div class=\"elementor-element elementor-element-f5a7809 elementor-invisible elementor-widget elementor-widget-heading\" data-id=\"f5a7809\" data-element_type=\"widget\" data-settings=\"{&quot;_animation&quot;:&quot;fadeInUp&quot;,&quot;_animation_delay&quot;:100}\" data-widget_type=\"heading.default\">\n\t\t\t\t<div class=\"elementor-widget-container\">\n\t\t\t\t\t<h2 class=\"elementor-heading-title elementor-size-default\">Tarxetas aceptadas<\/h2>\t\t\t\t<\/div>\n\t\t\t\t<\/div>\n\t\t\t\t<div class=\"elementor-element elementor-element-87056e1 elementor-invisible elementor-widget elementor-widget-text-editor\" data-id=\"87056e1\" data-element_type=\"widget\" data-settings=\"{&quot;_animation&quot;:&quot;fadeInUp&quot;,&quot;_animation_delay&quot;:100}\" data-widget_type=\"text-editor.default\">\n\t\t\t\t<div class=\"elementor-widget-container\">\n\t\t\t\t\t\t\t\t\t<p style=\"text-align: center;\">Ofrecemos a comodidade de pagar con tarxeta en todas as nosas v\u00edas, excepto naquelas reservadas exclusivamente para a telepeaxe (VIA-T).<\/p>\n<p style=\"text-align: center;\">Tarxetas aceptadas:<\/p>\n<p>Visa<\/p>\n<p>Mastercard<\/p>\n<p>DKV<\/p>\n<p>Cepsa<\/p>\n<p>Solred<\/p>\n<p>Wordline<\/p>\n\t\t\t\t\t\t\t\t<\/div>\n\t\t\t\t<\/div>\n\t\t\t\t\t<\/div>\n\t\t\t\t<\/div>\n\t\t\t\t\t<\/div>\n\t\t\t\t<\/div>\n\t\t<div class=\"elementor-element elementor-element-e588fc8 e-flex e-con-boxed e-con e-parent\" data-id=\"e588fc8\" data-element_type=\"container\" data-settings=\"{&quot;background_background&quot;:&quot;classic&quot;}\">\n\t\t\t\t\t<div class=\"e-con-inner\">\n\t\t<div class=\"elementor-element elementor-element-6605c41 e-flex e-con-boxed e-con e-child\" data-id=\"6605c41\" data-element_type=\"container\">\n\t\t\t\t\t<div class=\"e-con-inner\">\n\t\t\t\t<div class=\"elementor-element elementor-element-c301528 elementor-invisible elementor-widget elementor-widget-heading\" data-id=\"c301528\" data-element_type=\"widget\" data-settings=\"{&quot;_animation&quot;:&quot;fadeInUp&quot;,&quot;_animation_delay&quot;:100}\" data-widget_type=\"heading.default\">\n\t\t\t\t<div class=\"elementor-widget-container\">\n\t\t\t\t\t<h2 class=\"elementor-heading-title elementor-size-default\">Pago en efectivo<\/h2>\t\t\t\t<\/div>\n\t\t\t\t<\/div>\n\t\t\t\t<div class=\"elementor-element elementor-element-26ed150 elementor-invisible elementor-widget elementor-widget-text-editor\" data-id=\"26ed150\" data-element_type=\"widget\" data-settings=\"{&quot;_animation&quot;:&quot;fadeInUp&quot;,&quot;_animation_delay&quot;:100}\" data-widget_type=\"text-editor.default\">\n\t\t\t\t<div class=\"elementor-widget-container\">\n\t\t\t\t\t\t\t\t\t<p>Para o pago en efectivo, dispo\u00f1emos de v\u00edas autom\u00e1ticas que admiten esta forma de pago e de v\u00edas manuais atendidas por persoal nas prazas de peaxe de Vedra e Ponte.<\/p>\n<p>Nas nosas v\u00edas autom\u00e1ticas, aceptamos billetes de ata 50\u20ac e moedas, con devoluci\u00f3n de cambio s\u00f3 en moedas. Para co\u00f1ecer o custo do traxecto, consulte a nosa t\u00e1boa de <span style=\"\"><a href=\"\" target=\"\" rel=\"\"><strong>tarifas<\/strong><\/a><\/span>. <\/p>\n<p>**Para xestionar calquera incidencia ou recibir asistencia en calquera das nosas v\u00edas non atendidas por persoal de cobranza, existe un bot\u00f3n de asistencia remota que lle po\u00f1er\u00e1 en contacto co noso persoal do centro de control.<\/p>\n\t\t\t\t\t\t\t\t<\/div>\n\t\t\t\t<\/div>\n\t\t\t\t\t<\/div>\n\t\t\t\t<\/div>\n\t\t\t\t\t<\/div>\n\t\t\t\t<\/div>\n\t\t\t\t<\/div>\n\t\t","protected":false},"excerpt":{"rendered":"<p>Medios de pago Para o pago da tarifa da forma m\u00e1is conveniente e segura, ac\u00e9ptanse como m\u00e9todos de pago tanto o efectivo, como os medios de pago electr\u00f3nicos (tarxetas e telepeaxe) Telepeaxe (VIA-T) Pode utilizar o seu dispositivo de telepeaxe para o pago en todas as nosas v\u00edas. Este sistema perm\u00edtelle abonar a peaxe sen &#8230; <a title=\"M\u00e9todos de pago\" class=\"read-more\" href=\"https:\/\/acega.es\/gl\/metodos-de-pago\/\" aria-label=\"Le m\u00e1is sobre M\u00e9todos de pago\">Ler m\u00e1is<\/a><\/p>\n","protected":false},"author":1,"featured_media":0,"parent":0,"menu_order":0,"comment_status":"closed","ping_status":"closed","template":"elementor_header_footer","meta":{"_acf_changed":false,"footnotes":""},"class_list":["post-1184","page","type-page","status-publish"],"acf":[],"_links":{"self":[{"href":"https:\/\/acega.es\/gl\/wp-json\/wp\/v2\/pages\/1184","targetHints":{"allow":["GET"]}}],"collection":[{"href":"https:\/\/acega.es\/gl\/wp-json\/wp\/v2\/pages"}],"about":[{"href":"https:\/\/acega.es\/gl\/wp-json\/wp\/v2\/types\/page"}],"author":[{"embeddable":true,"href":"https:\/\/acega.es\/gl\/wp-json\/wp\/v2\/users\/1"}],"replies":[{"embeddable":true,"href":"https:\/\/acega.es\/gl\/wp-json\/wp\/v2\/comments?post=1184"}],"version-history":[{"count":2,"href":"https:\/\/acega.es\/gl\/wp-json\/wp\/v2\/pages\/1184\/revisions"}],"predecessor-version":[{"id":1373,"href":"https:\/\/acega.es\/gl\/wp-json\/wp\/v2\/pages\/1184\/revisions\/1373"}],"wp:attachment":[{"href":"https:\/\/acega.es\/gl\/wp-json\/wp\/v2\/media?parent=1184"}],"curies":[{"name":"wp","href":"https:\/\/api.w.org\/{rel}","templated":true}]}}