{"id":1182,"date":"2024-01-16T10:01:39","date_gmt":"2024-01-16T09:01:39","guid":{"rendered":"https:\/\/acega.webenconstruccion.com\/contacto\/"},"modified":"2024-09-13T12:01:51","modified_gmt":"2024-09-13T10:01:51","slug":"contacto","status":"publish","type":"page","link":"https:\/\/acega.es\/gl\/contacto\/","title":{"rendered":"Contacto"},"content":{"rendered":"\t\t<div data-elementor-type=\"wp-page\" data-elementor-id=\"1182\" class=\"elementor elementor-1182 elementor-26\" data-elementor-post-type=\"page\">\n\t\t\t\t<div class=\"elementor-element elementor-element-b7757b0 e-flex e-con-boxed e-con e-parent\" data-id=\"b7757b0\" data-element_type=\"container\" data-settings=\"{&quot;background_background&quot;:&quot;classic&quot;}\">\n\t\t\t\t\t<div class=\"e-con-inner\">\n\t\t\t\t<div class=\"elementor-element elementor-element-6148dcb elementor-widget elementor-widget-heading\" data-id=\"6148dcb\" data-element_type=\"widget\" data-widget_type=\"heading.default\">\n\t\t\t\t<div class=\"elementor-widget-container\">\n\t\t\t\t\t<h2 class=\"elementor-heading-title elementor-size-default\">Contacto<\/h2>\t\t\t\t<\/div>\n\t\t\t\t<\/div>\n\t\t\t\t<div class=\"elementor-element elementor-element-5850ff1 acega-breadcums elementor-widget elementor-widget-shortcode\" data-id=\"5850ff1\" data-element_type=\"widget\" data-widget_type=\"shortcode.default\">\n\t\t\t\t<div class=\"elementor-widget-container\">\n\t\t\t\t\t\t\t<div class=\"elementor-shortcode\"><nav aria-label=\"breadcrumbs\" class=\"rank-math-breadcrumb\"><p><span class=\"last\">Inicio<\/span><\/p><\/nav><\/div>\n\t\t\t\t\t\t<\/div>\n\t\t\t\t<\/div>\n\t\t\t\t\t<\/div>\n\t\t\t\t<\/div>\n\t\t<div class=\"elementor-element elementor-element-bca0f9d e-flex e-con-boxed e-con e-parent\" data-id=\"bca0f9d\" data-element_type=\"container\">\n\t\t\t\t\t<div class=\"e-con-inner\">\n\t\t<div class=\"elementor-element elementor-element-0bb69b7 e-con-full e-flex e-con e-child\" data-id=\"0bb69b7\" data-element_type=\"container\">\n\t\t\t\t<div class=\"elementor-element elementor-element-6e5f515 elementor-widget__width-inherit elementor-invisible elementor-widget elementor-widget-heading\" data-id=\"6e5f515\" data-element_type=\"widget\" data-settings=\"{&quot;_animation&quot;:&quot;fadeInUp&quot;,&quot;_animation_delay&quot;:100}\" data-widget_type=\"heading.default\">\n\t\t\t\t<div class=\"elementor-widget-container\">\n\t\t\t\t\t<h2 class=\"elementor-heading-title elementor-size-default\">Contacte con Acega<\/h2>\t\t\t\t<\/div>\n\t\t\t\t<\/div>\n\t\t<div class=\"elementor-element elementor-element-bea451c e-flex e-con-boxed e-con e-child\" data-id=\"bea451c\" data-element_type=\"container\">\n\t\t\t\t\t<div class=\"e-con-inner\">\n\t\t\t\t<div class=\"elementor-element elementor-element-5289ce6 elementor-widget__width-initial elementor-invisible elementor-widget elementor-widget-heading\" data-id=\"5289ce6\" data-element_type=\"widget\" data-settings=\"{&quot;_animation&quot;:&quot;fadeInUp&quot;,&quot;_animation_delay&quot;:100}\" data-widget_type=\"heading.default\">\n\t\t\t\t<div class=\"elementor-widget-container\">\n\t\t\t\t\t<h3 class=\"elementor-heading-title elementor-size-default\">As nosas oficinas: <\/h3>\t\t\t\t<\/div>\n\t\t\t\t<\/div>\n\t\t\t\t<div class=\"elementor-element elementor-element-847625c elementor-widget__width-inherit elementor-widget elementor-widget-text-editor\" data-id=\"847625c\" data-element_type=\"widget\" data-widget_type=\"text-editor.default\">\n\t\t\t\t<div class=\"elementor-widget-container\">\n\t\t\t\t\t\t\t\t\t<p><a href=\"https:\/\/maps.app.goo.gl\/BKXvLnHyHsbiTtV19\" target=\"_blank\" rel=\"noopener\">Feal-San Mamede de Ribadulla<\/a><br \/><a href=\"https:\/\/maps.app.goo.gl\/BKXvLnHyHsbiTtV19\" target=\"_blank\" rel=\"noopener\">15885 Vedra<\/a><br \/><a href=\"https:\/\/maps.app.goo.gl\/BKXvLnHyHsbiTtV19\" target=\"_blank\" rel=\"noopener\">(A Coru\u00f1a)<\/a><\/p>\n\t\t\t\t\t\t\t\t<\/div>\n\t\t\t\t<\/div>\n\t\t\t\t\t<\/div>\n\t\t\t\t<\/div>\n\t\t<div class=\"elementor-element elementor-element-420e2ba e-flex e-con-boxed e-con e-child\" data-id=\"420e2ba\" data-element_type=\"container\">\n\t\t\t\t\t<div class=\"e-con-inner\">\n\t\t\t\t<div class=\"elementor-element elementor-element-80fbc2c elementor-widget__width-initial elementor-invisible elementor-widget elementor-widget-heading\" data-id=\"80fbc2c\" data-element_type=\"widget\" data-settings=\"{&quot;_animation&quot;:&quot;fadeInUp&quot;,&quot;_animation_delay&quot;:100}\" data-widget_type=\"heading.default\">\n\t\t\t\t<div class=\"elementor-widget-container\">\n\t\t\t\t\t<h3 class=\"elementor-heading-title elementor-size-default\">Servizo de Atenci\u00f3n ao Cliente <\/h3>\t\t\t\t<\/div>\n\t\t\t\t<\/div>\n\t\t\t\t<div class=\"elementor-element elementor-element-af707d2 elementor-widget__width-inherit elementor-widget elementor-widget-text-editor\" data-id=\"af707d2\" data-element_type=\"widget\" data-widget_type=\"text-editor.default\">\n\t\t\t\t<div class=\"elementor-widget-container\">\n\t\t\t\t\t\t\t\t\t<p>Servicio de Atenci\u00f3n al Cliente<br \/>Tel\u00e9fono: <a href=\"tel:+34981814873\">981 814 873<\/a><br \/><a href=\"mailto:administracion@acega.es\">administracion@acega.es<\/a><\/p>\n\t\t\t\t\t\t\t\t<\/div>\n\t\t\t\t<\/div>\n\t\t\t\t\t<\/div>\n\t\t\t\t<\/div>\n\t\t\t\t<div class=\"elementor-element elementor-element-1da42e0 elementor-widget__width-inherit elementor-widget elementor-widget-text-editor\" data-id=\"1da42e0\" data-element_type=\"widget\" data-widget_type=\"text-editor.default\">\n\t\t\t\t<div class=\"elementor-widget-container\">\n\t\t\t\t\t\t\t\t\t<p>Incidencias 24H: <a href=\"tel:+34981814873\">981 814 871<\/a><\/p>\n\t\t\t\t\t\t\t\t<\/div>\n\t\t\t\t<\/div>\n\t\t\t\t<\/div>\n\t\t\t\t\t<\/div>\n\t\t\t\t<\/div>\n\t\t<div class=\"elementor-element elementor-element-11b8e4a e-con-full e-flex e-con e-parent\" data-id=\"11b8e4a\" data-element_type=\"container\">\n\t\t\t\t<div class=\"elementor-element elementor-element-dfde50c elementor-widget elementor-widget-google_maps\" data-id=\"dfde50c\" data-element_type=\"widget\" data-widget_type=\"google_maps.default\">\n\t\t\t\t<div class=\"elementor-widget-container\">\n\t\t\t\t\t\t\t<div class=\"elementor-custom-embed\">\n\t\t\t<iframe loading=\"lazy\"\n\t\t\t\t\tsrc=\"https:\/\/maps.google.com\/maps?q=acega%20autopista&#038;t=m&#038;z=15&#038;output=embed&#038;iwloc=near\"\n\t\t\t\t\ttitle=\"acega autopista\"\n\t\t\t\t\taria-label=\"acega autopista\"\n\t\t\t><\/iframe>\n\t\t<\/div>\n\t\t\t\t\t\t<\/div>\n\t\t\t\t<\/div>\n\t\t\t\t<\/div>\n\t\t\t\t<\/div>\n\t\t","protected":false},"excerpt":{"rendered":"<p>Contacto Contacte con Acega As nosas oficinas: Feal-San Mamede de Ribadulla15885 Vedra(A Coru\u00f1a) Servizo de Atenci\u00f3n ao Cliente Servicio de Atenci\u00f3n al ClienteTel\u00e9fono: 981 814 873administracion@acega.es Incidencias 24H: 981 814 871<\/p>\n","protected":false},"author":1,"featured_media":0,"parent":0,"menu_order":0,"comment_status":"closed","ping_status":"closed","template":"elementor_header_footer","meta":{"_acf_changed":false,"footnotes":""},"class_list":["post-1182","page","type-page","status-publish"],"acf":[],"_links":{"self":[{"href":"https:\/\/acega.es\/gl\/wp-json\/wp\/v2\/pages\/1182","targetHints":{"allow":["GET"]}}],"collection":[{"href":"https:\/\/acega.es\/gl\/wp-json\/wp\/v2\/pages"}],"about":[{"href":"https:\/\/acega.es\/gl\/wp-json\/wp\/v2\/types\/page"}],"author":[{"embeddable":true,"href":"https:\/\/acega.es\/gl\/wp-json\/wp\/v2\/users\/1"}],"replies":[{"embeddable":true,"href":"https:\/\/acega.es\/gl\/wp-json\/wp\/v2\/comments?post=1182"}],"version-history":[{"count":10,"href":"https:\/\/acega.es\/gl\/wp-json\/wp\/v2\/pages\/1182\/revisions"}],"predecessor-version":[{"id":1336,"href":"https:\/\/acega.es\/gl\/wp-json\/wp\/v2\/pages\/1182\/revisions\/1336"}],"wp:attachment":[{"href":"https:\/\/acega.es\/gl\/wp-json\/wp\/v2\/media?parent=1182"}],"curies":[{"name":"wp","href":"https:\/\/api.w.org\/{rel}","templated":true}]}}