{"id":1180,"date":"2024-01-16T11:34:43","date_gmt":"2024-01-16T10:34:43","guid":{"rendered":"https:\/\/acega.webenconstruccion.com\/aviso-legal\/"},"modified":"2024-09-18T16:11:51","modified_gmt":"2024-09-18T14:11:51","slug":"aviso-legal","status":"publish","type":"page","link":"https:\/\/acega.es\/gl\/aviso-legal\/","title":{"rendered":"Pol\u00edtica de privacidade"},"content":{"rendered":"\t\t<div data-elementor-type=\"wp-page\" data-elementor-id=\"1180\" class=\"elementor elementor-1180 elementor-109\" data-elementor-post-type=\"page\">\n\t\t\t\t<div class=\"elementor-element elementor-element-5647d7c e-flex e-con-boxed e-con e-parent\" data-id=\"5647d7c\" data-element_type=\"container\" data-settings=\"{&quot;background_background&quot;:&quot;classic&quot;}\">\n\t\t\t\t\t<div class=\"e-con-inner\">\n\t\t\t\t<div class=\"elementor-element elementor-element-302307b elementor-widget elementor-widget-heading\" data-id=\"302307b\" data-element_type=\"widget\" data-widget_type=\"heading.default\">\n\t\t\t\t<div class=\"elementor-widget-container\">\n\t\t\t\t\t<h2 class=\"elementor-heading-title elementor-size-default\">Pol\u00edtica de privacidade<\/h2>\t\t\t\t<\/div>\n\t\t\t\t<\/div>\n\t\t\t\t<div class=\"elementor-element elementor-element-91e6c1e acega-breadcums elementor-widget elementor-widget-shortcode\" data-id=\"91e6c1e\" data-element_type=\"widget\" data-widget_type=\"shortcode.default\">\n\t\t\t\t<div class=\"elementor-widget-container\">\n\t\t\t\t\t\t\t<div class=\"elementor-shortcode\"><nav aria-label=\"breadcrumbs\" class=\"rank-math-breadcrumb\"><p><span class=\"last\">Inicio<\/span><\/p><\/nav><\/div>\n\t\t\t\t\t\t<\/div>\n\t\t\t\t<\/div>\n\t\t\t\t\t<\/div>\n\t\t\t\t<\/div>\n\t\t<div class=\"elementor-element elementor-element-91ca34d e-flex e-con-boxed e-con e-parent\" data-id=\"91ca34d\" data-element_type=\"container\">\n\t\t\t\t\t<div class=\"e-con-inner\">\n\t\t<div class=\"elementor-element elementor-element-b82e1e8 e-flex e-con-boxed e-con e-child\" data-id=\"b82e1e8\" data-element_type=\"container\">\n\t\t\t\t\t<div class=\"e-con-inner\">\n\t\t\t\t<div class=\"elementor-element elementor-element-d59401f elementor-widget elementor-widget-image\" data-id=\"d59401f\" data-element_type=\"widget\" data-widget_type=\"image.default\">\n\t\t\t\t<div class=\"elementor-widget-container\">\n\t\t\t\t\t\t\t\t\t\t\t\t\t\t\t<img fetchpriority=\"high\" decoding=\"async\" width=\"902\" height=\"354\" src=\"https:\/\/acega.es\/wp-content\/uploads\/2024\/01\/acega-v-principal-endoso-TRANS-e1625813226879.png\" class=\"attachment-large size-large wp-image-824\" alt=\"\" srcset=\"https:\/\/acega.es\/wp-content\/uploads\/2024\/01\/acega-v-principal-endoso-TRANS-e1625813226879.png 902w, https:\/\/acega.es\/wp-content\/uploads\/2024\/01\/acega-v-principal-endoso-TRANS-e1625813226879-300x118.png 300w, https:\/\/acega.es\/wp-content\/uploads\/2024\/01\/acega-v-principal-endoso-TRANS-e1625813226879-768x301.png 768w\" sizes=\"(max-width: 902px) 100vw, 902px\" \/>\t\t\t\t\t\t\t\t\t\t\t\t\t\t\t<\/div>\n\t\t\t\t<\/div>\n\t\t\t\t<div class=\"elementor-element elementor-element-618590b elementor-invisible elementor-widget elementor-widget-text-editor\" data-id=\"618590b\" data-element_type=\"widget\" data-settings=\"{&quot;_animation&quot;:&quot;fadeInUp&quot;,&quot;_animation_delay&quot;:100}\" data-widget_type=\"text-editor.default\">\n\t\t\t\t<div class=\"elementor-widget-container\">\n\t\t\t\t\t\t\t\t\t<h4><strong><span style=\"color: #94e8bf;\">1.- POL\u00cdTICA DE PROTECCI\u00d3N DE DATOS<\/span><\/strong><\/h4><p><strong><span style=\"color: #94e8bf;\">1.1. Obxecto <\/span><\/strong><\/p><p>A presente Pol\u00edtica de Protecci\u00f3n de Datos apl\u00edcase ao sitio web de ACEGA accesible a trav\u00e9s de <a href=\"http:\/\/www.acega.es\/\"><strong>www.acega.es<\/strong><\/a> (en diante, o \u201cSitio Web\u201d).<\/p><p><strong><span style=\"color: #94e8bf;\">1.2. Tratamento de datos de car\u00e1cter persoal.<\/span><\/strong><\/p><p><strong><span style=\"color: #94e8bf;\">1.2.1. Responsable do tratamento dos datos.<\/span><\/strong><\/p><p>O responsable do tratamento dos datos persoais facilitados polo usuario no Sitio Web \u00e9 a sociedade unipersonal AUTOPISTA CENTRAL GALLEGA, CESA (en diante, \u201cACEGA\u201d), con CIF A-15718695, inscrita no Rexistro Mercantil de Santiago, Tomo 16. Xeral. de Empresas, Folla SC-23.590 e enderezo en Feal, s\/n-San Mamede de Ribadulla, CP 15885 Vedra (A Coru\u00f1a). Para resolver calquera d\u00fabida que precises, podes po\u00f1erte en contacto connosco a trav\u00e9s do correo electr\u00f3nico: <a href=\"mailto:protecciondatos@acega.es\"><strong>protecciondatos@acega.es<\/strong><\/a> .<\/p><p><strong><span style=\"color: #94e8bf;\">1.2.2. Finalidade e base legitimadora dos datos tratados.<\/span><\/strong><\/p><p>(i) ACEGA, a trav\u00e9s dos diferentes formularios dispo\u00f1ibles no Sitio Web, recolle e trata os datos persoais coa finalidade de tramitar e xestionar a consulta, solicitude de informaci\u00f3n ou reclamaci\u00f3n realizada a trav\u00e9s do Sitio Web as\u00ed como a trav\u00e9s do servizo de Atenci\u00f3n ao Cliente, no base do consentimento outorgado con motivo da presentaci\u00f3n da dita solicitude ou consulta as\u00ed como, se \u00e9 o caso, en base \u00e1 obriga legal que poida ter ACEGA en relaci\u00f3n coas reclamaci\u00f3ns relacionadas cos seus servizos. O usuario poder\u00e1 revogar o consentimento prestado en calquera momento sen que afecte \u00e1 licitude do tratamento realizado con anterioridade \u00e1 s\u00faa retirada, a\u00ednda que tal revogaci\u00f3n impedir\u00e1 a tramitaci\u00f3n da consulta e\/ou reclamaci\u00f3n de que se trate.<\/p><p>(ii) As\u00ed mesmo, en relaci\u00f3n co tratamento dos datos persoais (imaxes) que fosen recollidos ou ser\u00e1n recollidos con motivo das gravaci\u00f3ns realizadas polos sistemas de c\u00e1mara ou videoc\u00e1mara integrados nas s\u00faas instalaci\u00f3ns, estes trataranse co obxectivo de de preservar e garantir a seguridade das persoas e dos seus bens as\u00ed como das s\u00faas propias instalaci\u00f3ns.<\/p><p>A base legal para o tratamento dos ditos datos \u00e9 o interese p\u00fablico de preservar e garantir a seguridade das persoas e dos seus bens as\u00ed como das s\u00faas propias instalaci\u00f3ns.<\/p><p>(iii) Por outra banda, ACEGA tratar\u00e1 os seus datos persoais para a elaboraci\u00f3n dunha factura no caso de que solicite que a dita xesti\u00f3n se realice a trav\u00e9s do formulario dispo\u00f1ible para os devanditos fins en funci\u00f3n do consentimento outorgado a trav\u00e9s da solicitude. Este consentimento poder\u00e1 ser revogado en calquera momento sen que afecte \u00e1 legalidade do tratamento realizado con anterioridade \u00e1 s\u00faa retirada, a\u00ednda que tal revogaci\u00f3n impedir\u00e1 a elaboraci\u00f3n da factura solicitada.<\/p><p><strong><span style=\"color: #94e8bf;\">1.2.3. Comunicaci\u00f3n dos datos.<\/span><\/strong><\/p><p>Os datos persoais tratados por ACEGA para a consecuci\u00f3n da finalidade detallada no punto (i) anterior non ser\u00e1n comunicados a terceiros salvo que dita comunicaci\u00f3n sexa necesaria para o cumprimento dunha obriga legal.<\/p><p>Por outra banda, no que se refire aos datos recollidos para a finalidade sinalada no punto (ii), con car\u00e1cter xeral non ser\u00e1n comunicados a terceiros, salvo en determinados casos como cando resulte necesario o cumprimento dunha obriga legal no contexto da investigaci\u00f3n e persecuci\u00f3n de delitos ou infracci\u00f3ns administrativas, en cuxo caso os datos persoais poder\u00e1n ser comunicados \u00e1s Forzas e Corpos de Seguridade do Estado, aos Xu\u00edces e Xulgados e\/ou Ministerio Fiscal.<\/p><p><strong><span style=\"color: #94e8bf;\">1.2.4. Per\u00edodo de conservaci\u00f3n dos datos.<\/span><\/strong><\/p><p>Os datos persoais ser\u00e1n conservados mentres sexa necesario para a atenci\u00f3n das consultas, reclamaci\u00f3ns, solicitude de informaci\u00f3n e solicitude da factura, as\u00ed como mentres o interesado non retire o seu consentimento ou se opo\u00f1a a un concreto tratamento.<\/p><p>Posteriormente, os datos conservaranse unicamente na medida en que sexan necesarios para a atenci\u00f3n de responsabilidades nadas do tratamento e durante o prazo de prescrici\u00f3n ou, no seu caso, para dar cumprimento a obrigaci\u00f3ns legais \u00e1s que se atope suxeita ACEGA.<\/p><p>Os datos persoais solicitados a trav\u00e9s das videoc\u00e1maras ser\u00e1n conservados durante un prazo m\u00e1ximo dun mes desde a s\u00faa captaci\u00f3n, transcorrido este prazo procederase \u00e1 s\u00faa supresi\u00f3n.<\/p><p>Non obstante o anterior, se as imaxes solicitadas puidesen captar a comisi\u00f3n dun delito ou unha infracci\u00f3n administrativa que deba ser posta en co\u00f1ecemento dunha autoridade, as imaxes poder\u00e1n ser conservadas durante un per\u00edodo de tempo superior ao mes inicial, co \u00fanico fin de po\u00f1elas ao dispor das Forzas e Corpos de Seguridade do Estado, aos Xu\u00edces e Tribunais e\/ou Ministerio Fiscal.<\/p><p><strong><span style=\"color: #94e8bf;\">1.2.5. Dereitos do usuario.<\/span><\/strong><\/p><p>Os usuarios poden exercer en calquera momento os dereitos de acceso, rectificaci\u00f3n, supresi\u00f3n, oposici\u00f3n, portabilidad e limitaci\u00f3n ao tratamento dos seus datos persoais mediante solicitude escrita dirixida a ACEGA, con domicilio sito en Feal, s\/n-San Mamede de Ribadulla, C.P. 15885 Vedra (A Coru\u00f1a), ou ben remitindo un correo electr\u00f3nico a protecciondatos@acega.es , indicando en ambos os casos \u201cPol\u00edtica de Protecci\u00f3n de Datos\u201d e anexando copia de documento identificativo en vigor.<\/p><p>As\u00ed mesmo, inform\u00e1moslle que ten dereito a solicitar a tutela da Axencia Espa\u00f1ola de Protecci\u00f3n de datos a trav\u00e9s da s\u00faa p\u00e1xina web www.aepd.es.<\/p><p><strong><span style=\"color: #94e8bf;\">1.3. Actualizaci\u00f3n da pol\u00edtica.<\/span><\/strong><\/p><p>Esta Pol\u00edtica de Protecci\u00f3n de Datos poder\u00e1 modificarse por ACEGA, nese caso comunicar\u00e1selle ao usuario a trav\u00e9s da P\u00e1xina Web ou por outros medios para que poida co\u00f1ecela e as\u00ed continuar utilizando os nosos servizos.<\/p>\t\t\t\t\t\t\t\t<\/div>\n\t\t\t\t<\/div>\n\t\t\t\t\t<\/div>\n\t\t\t\t<\/div>\n\t\t\t\t\t<\/div>\n\t\t\t\t<\/div>\n\t\t<div class=\"elementor-element elementor-element-7b2b112 e-flex e-con-boxed e-con e-parent\" data-id=\"7b2b112\" data-element_type=\"container\" data-settings=\"{&quot;background_background&quot;:&quot;classic&quot;}\">\n\t\t\t\t\t<div class=\"e-con-inner\">\n\t\t\t\t\t<\/div>\n\t\t\t\t<\/div>\n\t\t\t\t<\/div>\n\t\t","protected":false},"excerpt":{"rendered":"<p>1.- POL\u00cdTICA DE PROTECCI\u00d3N DE DATOS 1.1. Obxecto A presente Pol\u00edtica de Protecci\u00f3n de Datos apl\u00edcase ao sitio web de ACEGA accesible a trav\u00e9s de www.acega.es (en diante, o \u201cSitio Web\u201d). 1.2. Tratamento de datos de car\u00e1cter persoal. 1.2.1. Responsable do tratamento dos datos. O responsable do tratamento dos datos persoais facilitados polo usuario no &#8230; <a title=\"Pol\u00edtica de privacidade\" class=\"read-more\" href=\"https:\/\/acega.es\/gl\/aviso-legal\/\" aria-label=\"Le m\u00e1is sobre Pol\u00edtica de privacidade\">Ler m\u00e1is<\/a><\/p>\n","protected":false},"author":1,"featured_media":0,"parent":0,"menu_order":0,"comment_status":"closed","ping_status":"closed","template":"elementor_header_footer","meta":{"_acf_changed":false,"footnotes":""},"class_list":["post-1180","page","type-page","status-publish"],"acf":[],"_links":{"self":[{"href":"https:\/\/acega.es\/gl\/wp-json\/wp\/v2\/pages\/1180","targetHints":{"allow":["GET"]}}],"collection":[{"href":"https:\/\/acega.es\/gl\/wp-json\/wp\/v2\/pages"}],"about":[{"href":"https:\/\/acega.es\/gl\/wp-json\/wp\/v2\/types\/page"}],"author":[{"embeddable":true,"href":"https:\/\/acega.es\/gl\/wp-json\/wp\/v2\/users\/1"}],"replies":[{"embeddable":true,"href":"https:\/\/acega.es\/gl\/wp-json\/wp\/v2\/comments?post=1180"}],"version-history":[{"count":13,"href":"https:\/\/acega.es\/gl\/wp-json\/wp\/v2\/pages\/1180\/revisions"}],"predecessor-version":[{"id":1464,"href":"https:\/\/acega.es\/gl\/wp-json\/wp\/v2\/pages\/1180\/revisions\/1464"}],"wp:attachment":[{"href":"https:\/\/acega.es\/gl\/wp-json\/wp\/v2\/media?parent=1180"}],"curies":[{"name":"wp","href":"https:\/\/api.w.org\/{rel}","templated":true}]}}